{"id":44,"date":"2024-10-26T16:18:59","date_gmt":"2024-10-26T16:18:59","guid":{"rendered":"https:\/\/alchemistisches-wissen.at\/?page_id=44"},"modified":"2025-06-02T08:12:00","modified_gmt":"2025-06-02T08:12:00","slug":"blog","status":"publish","type":"page","link":"https:\/\/alchemistisches-wissen.at\/","title":{"rendered":"Projekte"},"content":{"rendered":"\n<p>Wir, im Institut f\u00fcr alchemistisches Wissen, forschen, entdecken und geben unser Wissen weiter.<\/p>\n\n\n\n<p>Aktuell gibt es drei Themenbereiche:<\/p>\n\n\n\n<ul class=\"wp-block-list\">\n<li><strong>Projekt: ASTROLOGIE &#8211; F\u00dcHLEN &#8211; LERNEN<\/strong><br>ist ein gemeinn\u00fctziges Forschungs- und Bildungsprojekt zur Selbsterkenntnis und Potenzialentfaltung. Durch die Verbindung von astrologischem Wissen, spirituellen Lehren und zyklischen Naturprinzipien schaffen wir neue Zug\u00e4nge zu einem bewussten, erf\u00fcllten Leben. Gemeinsam entdecken wir Wege, wie wir im Einklang mit uns selbst und dem Kosmos leben k\u00f6nnen.<br>Du bist eingeladen, die Magie des Lebens neu zu entdecken. Dieses Projekt verbindet Herz, Verstand und Intuition \u2013 f\u00fcr mehr Selbsterkenntnis, innere Klarheit und ein Leben in deiner wahren Essenz.<br><br><br><\/li>\n\n\n\n<li><strong>Projekt: GESUND &#8211; SEIN &#8211; ERLEBEN<\/strong><br>ist ein ganzheitliches Herzensprojekt, das Gesundheit neu denkt \u2013 als einen lebendigen, nat\u00fcrlichen Zustand, der weit \u00fcber das Freisein von Krankheit hinausgeht. In einer Zeit voller Reize und Herausforderungen schaffen wir Raum, um das eigene Wohlbefinden aus einer tiefen, inneren Quelle heraus zu st\u00e4rken.<br>Dieses Projekt l\u00e4dt alle ein, die ihrer Gesundheit achtsam begegnen und ihre Lebensenergie bewusst gestalten m\u00f6chten \u2013 mit Freude, Neugier und der Kraft des Miteinanders. Denn echte Gesundheit beginnt dort, wo wir uns selbst wieder sp\u00fcren.<br><br><br><\/li>\n\n\n\n<li><strong>Projekt: NEUES &#8211; GEMEINSAM &#8211; FORMEN<\/strong><\/li>\n<\/ul>\n\n\n<style>.kb-row-layout-id44_c81580-3c > .kt-row-column-wrap{align-content:center;}:where(.kb-row-layout-id44_c81580-3c > .kt-row-column-wrap) > .wp-block-kadence-column{justify-content:center;}.kb-row-layout-id44_c81580-3c > .kt-row-column-wrap{column-gap:var(--global-kb-gap-md, 2rem);row-gap:var(--global-kb-gap-md, 2rem);max-width:525px;padding-top:var(--global-kb-spacing-lg, 3rem);padding-bottom:var(--global-kb-spacing-lg, 3rem);grid-template-columns:minmax(0, 1fr);}.kb-row-layout-id44_c81580-3c{background-color:var(--global-palette9, #ffffff);}.kb-row-layout-id44_c81580-3c > .kt-row-layout-overlay{opacity:0.30;mix-blend-mode:normal;}@media all and (max-width: 1024px){.kb-row-layout-id44_c81580-3c > .kt-row-column-wrap{grid-template-columns:minmax(0, 1fr);}}@media all and (max-width: 767px){.kb-row-layout-id44_c81580-3c > .kt-row-column-wrap{grid-template-columns:minmax(0, 1fr);}}<\/style><div class=\"kb-row-layout-wrap kb-row-layout-id44_c81580-3c alignfull has-theme-palette9-background-color kt-row-has-bg wp-block-kadence-rowlayout\"><div class=\"kt-row-column-wrap kt-has-1-columns kt-row-layout-equal kt-tab-layout-inherit kt-mobile-layout-row kt-row-valign-middle kb-theme-content-width\">\n<style>.kadence-column44_928bfc-df > .kt-inside-inner-col,.kadence-column44_928bfc-df > .kt-inside-inner-col:before{border-top-left-radius:0px;border-top-right-radius:0px;border-bottom-right-radius:0px;border-bottom-left-radius:0px;}.kadence-column44_928bfc-df > .kt-inside-inner-col{column-gap:var(--global-kb-gap-sm, 1rem);}.kadence-column44_928bfc-df > .kt-inside-inner-col{flex-direction:column;}.kadence-column44_928bfc-df > .kt-inside-inner-col > .aligncenter{width:100%;}.kadence-column44_928bfc-df > .kt-inside-inner-col:before{opacity:0.3;}.kadence-column44_928bfc-df{text-align:center;}.kadence-column44_928bfc-df{position:relative;}@media all and (max-width: 1024px){.kadence-column44_928bfc-df > .kt-inside-inner-col{flex-direction:column;justify-content:center;}}@media all and (max-width: 767px){.kadence-column44_928bfc-df > .kt-inside-inner-col{flex-direction:column;justify-content:center;}}<\/style>\n<div class=\"wp-block-kadence-column kadence-column44_928bfc-df inner-column-1\"><div class=\"kt-inside-inner-col\"><style>.wp-block-kadence-advancedheading.kt-adv-heading44_955d51-bc, .wp-block-kadence-advancedheading.kt-adv-heading44_955d51-bc[data-kb-block=\"kb-adv-heading44_955d51-bc\"]{font-size:var(--global-kb-font-size-sm, 0.9rem);font-style:normal;text-transform:uppercase;}.wp-block-kadence-advancedheading.kt-adv-heading44_955d51-bc mark.kt-highlight, .wp-block-kadence-advancedheading.kt-adv-heading44_955d51-bc[data-kb-block=\"kb-adv-heading44_955d51-bc\"] mark.kt-highlight{font-style:normal;color:#f76a0c;-webkit-box-decoration-break:clone;box-decoration-break:clone;padding-top:0px;padding-right:0px;padding-bottom:0px;padding-left:0px;}.wp-block-kadence-advancedheading.kt-adv-heading44_955d51-bc img.kb-inline-image, .wp-block-kadence-advancedheading.kt-adv-heading44_955d51-bc[data-kb-block=\"kb-adv-heading44_955d51-bc\"] img.kb-inline-image{width:150px;vertical-align:baseline;}<\/style>\n<h6 class=\"kt-adv-heading44_955d51-bc wp-block-kadence-advancedheading has-black-color has-text-color\" data-kb-block=\"kb-adv-heading44_955d51-bc\">Projekt<\/h6>\n\n\n<style>.wp-block-kadence-advancedheading.kt-adv-heading44_d26f18-3b, .wp-block-kadence-advancedheading.kt-adv-heading44_d26f18-3b[data-kb-block=\"kb-adv-heading44_d26f18-3b\"]{padding-top:var(--global-kb-spacing-xs, 1rem);padding-bottom:var(--global-kb-spacing-xs, 1rem);font-size:var(--global-kb-font-size-md, 1.25rem);line-height:1.2;font-style:normal;color:#e9ca75;}.wp-block-kadence-advancedheading.kt-adv-heading44_d26f18-3b mark.kt-highlight, .wp-block-kadence-advancedheading.kt-adv-heading44_d26f18-3b[data-kb-block=\"kb-adv-heading44_d26f18-3b\"] mark.kt-highlight{font-style:normal;color:#f76a0c;-webkit-box-decoration-break:clone;box-decoration-break:clone;padding-top:0px;padding-right:0px;padding-bottom:0px;padding-left:0px;}.wp-block-kadence-advancedheading.kt-adv-heading44_d26f18-3b img.kb-inline-image, .wp-block-kadence-advancedheading.kt-adv-heading44_d26f18-3b[data-kb-block=\"kb-adv-heading44_d26f18-3b\"] img.kb-inline-image{width:150px;vertical-align:baseline;}@media all and (max-width: 767px){.wp-block-kadence-advancedheading.kt-adv-heading44_d26f18-3b, .wp-block-kadence-advancedheading.kt-adv-heading44_d26f18-3b[data-kb-block=\"kb-adv-heading44_d26f18-3b\"]{font-size:24px;}}<\/style>\n<h4 class=\"kt-adv-heading44_d26f18-3b wp-block-kadence-advancedheading\" data-kb-block=\"kb-adv-heading44_d26f18-3b\">NEUES &#8211; GEMEINSAM &#8211; FORMEN<\/h4>\n\n\n<style>.wp-block-kadence-advancedheading.kt-adv-heading44_5eeb38-77, .wp-block-kadence-advancedheading.kt-adv-heading44_5eeb38-77[data-kb-block=\"kb-adv-heading44_5eeb38-77\"]{max-width:600px;margin-right:auto;margin-left:auto;padding-top:0px;padding-right:0px;padding-bottom:0px;padding-left:0px;text-align:center;font-style:normal;color:var(--global-palette3, #1A202C);}.wp-block-kadence-advancedheading.kt-adv-heading44_5eeb38-77 mark.kt-highlight, .wp-block-kadence-advancedheading.kt-adv-heading44_5eeb38-77[data-kb-block=\"kb-adv-heading44_5eeb38-77\"] mark.kt-highlight{font-style:normal;color:#f76a0c;-webkit-box-decoration-break:clone;box-decoration-break:clone;padding-top:0px;padding-right:0px;padding-bottom:0px;padding-left:0px;}.wp-block-kadence-advancedheading.kt-adv-heading44_5eeb38-77 img.kb-inline-image, .wp-block-kadence-advancedheading.kt-adv-heading44_5eeb38-77[data-kb-block=\"kb-adv-heading44_5eeb38-77\"] img.kb-inline-image{width:150px;vertical-align:baseline;}<\/style>\n<p class=\"kt-adv-heading44_5eeb38-77 wp-block-kadence-advancedheading has-theme-palette-3-color has-text-color\" data-kb-block=\"kb-adv-heading44_5eeb38-77\">ist eine Plattform f\u00fcr Begegnung, Austausch und gemeinschaftliches Gestalten. Hier entsteht ein Raum, in dem Menschen ihr Wissen, ihre Erfahrungen und Herzensanliegen miteinander teilen \u2013 offen, wertsch\u00e4tzend und auf Augenh\u00f6he.<\/p>\n\n\n\n<p class=\"has-black-color has-text-color has-link-color wp-elements-da5c29fb23a38e4e7ee04f05710d438b\">Wir glauben daran, dass eine lebenswerte Zukunft aus vielen kleinen Beitr\u00e4gen erw\u00e4chst \u2013 aus Gespr\u00e4chen, Impulsen und dem Mut, neue Wege zu gehen. In Vortr\u00e4gen, Kreisen und vielf\u00e4ltigen Bildungsveranstaltungen entsteht ein Netz aus Ideen, das inspiriert, verbindet und st\u00e4rkt.<\/p>\n\n\n\n<p class=\"has-black-color has-text-color has-link-color wp-elements-37438f7620bc5aae90847c7f0559a131\">Dieses Projekt l\u00e4dt dich ein, Teil einer lebendigen Gemeinschaft zu werden, die nicht nur denkt, sondern auch f\u00fchlt, gestaltet und wirkt. Gemeinsam schaffen wir eine Kultur des Miteinanders \u2013 f\u00fcr mehr Selbstwirksamkeit, Orientierung und Sinn in einer sich wandelnden Welt.<br><br>\u201cNeues &#8211; Gemeinsam &#8211; Formen\u201d<br>werde auch DU Teil dieser Vision!<\/p>\n<\/div><\/div>\n\n<\/div><\/div>\n\n<style>.kb-image44_6c323f-78.kb-image-is-ratio-size, .kb-image44_6c323f-78 .kb-image-is-ratio-size{max-width:3000px;width:100%;}.wp-block-kadence-column > .kt-inside-inner-col > .kb-image44_6c323f-78.kb-image-is-ratio-size, .wp-block-kadence-column > .kt-inside-inner-col > .kb-image44_6c323f-78 .kb-image-is-ratio-size{align-self:unset;}.kb-image44_6c323f-78 figure{max-width:3000px;}.kb-image44_6c323f-78 .image-is-svg, .kb-image44_6c323f-78 .image-is-svg img{width:100%;}.kb-image44_6c323f-78 .kb-image-has-overlay:after{opacity:0.3;}<\/style>\n<div class=\"wp-block-kadence-image kb-image44_6c323f-78\"><figure class=\"aligncenter size-full\"><img loading=\"lazy\" decoding=\"async\" width=\"499\" height=\"700\" src=\"https:\/\/alchemistisches-wissen.at\/wp-content\/uploads\/2025\/06\/2025-Veranstaltungskalender.jpg\" alt=\"\" class=\"kb-img wp-image-143\" srcset=\"https:\/\/alchemistisches-wissen.at\/wp-content\/uploads\/2025\/06\/2025-Veranstaltungskalender.jpg 499w, https:\/\/alchemistisches-wissen.at\/wp-content\/uploads\/2025\/06\/2025-Veranstaltungskalender-214x300.jpg 214w\" sizes=\"auto, (max-width: 499px) 100vw, 499px\" \/><\/figure><\/div>\n","protected":false},"excerpt":{"rendered":"<p>Wir, im Institut f\u00fcr alchemistisches Wissen, forschen, entdecken und geben unser Wissen weiter. Aktuell gibt es drei Themenbereiche: Projekt NEUES &#8211; GEMEINSAM &#8211; FORMEN ist eine Plattform f\u00fcr Begegnung, Austausch &hellip; <\/p>\n<p class=\"link-more\"><a href=\"https:\/\/alchemistisches-wissen.at\/\" class=\"more-link\"><span class=\"screen-reader-text\">\u201eProjekte\u201c <\/span>weiterlesen<\/a><\/p>\n","protected":false},"author":1,"featured_media":0,"parent":0,"menu_order":0,"comment_status":"closed","ping_status":"closed","template":"","meta":{"_kadence_starter_templates_imported_post":false,"footnotes":""},"class_list":["post-44","page","type-page","status-publish","hentry"],"yoast_head":"<!-- This site is optimized with the Yoast SEO plugin v27.1.1 - https:\/\/yoast.com\/product\/yoast-seo-wordpress\/ -->\n<title>Projekte - Institut f\u00fcr alchemistisches Wissen<\/title>\n<meta name=\"robots\" content=\"index, follow, max-snippet:-1, max-image-preview:large, max-video-preview:-1\" \/>\n<link rel=\"canonical\" href=\"https:\/\/alchemistisches-wissen.at\/\" \/>\n<meta property=\"og:locale\" content=\"de_DE\" \/>\n<meta property=\"og:type\" content=\"article\" \/>\n<meta property=\"og:title\" content=\"Projekte - Institut f\u00fcr alchemistisches Wissen\" \/>\n<meta property=\"og:description\" content=\"Wir, im Institut f\u00fcr alchemistisches Wissen, forschen, entdecken und geben unser Wissen weiter. Aktuell gibt es drei Themenbereiche: Projekt NEUES &#8211; GEMEINSAM &#8211; FORMEN ist eine Plattform f\u00fcr Begegnung, Austausch &hellip; \u201eProjekte\u201c weiterlesen\" \/>\n<meta property=\"og:url\" content=\"https:\/\/alchemistisches-wissen.at\/\" \/>\n<meta property=\"og:site_name\" content=\"Institut f\u00fcr alchemistisches Wissen\" \/>\n<meta property=\"article:modified_time\" content=\"2025-06-02T08:12:00+00:00\" \/>\n<meta property=\"og:image\" content=\"https:\/\/alchemistisches-wissen.at\/wp-content\/uploads\/2025\/06\/2025-Veranstaltungskalender.jpg\" \/>\n\t<meta property=\"og:image:width\" content=\"499\" \/>\n\t<meta property=\"og:image:height\" content=\"700\" \/>\n\t<meta property=\"og:image:type\" content=\"image\/jpeg\" \/>\n<meta name=\"twitter:card\" content=\"summary_large_image\" \/>\n<meta name=\"twitter:label1\" content=\"Gesch\u00e4tzte Lesezeit\" \/>\n\t<meta name=\"twitter:data1\" content=\"2\u00a0Minuten\" \/>\n<script type=\"application\/ld+json\" class=\"yoast-schema-graph\">{\"@context\":\"https:\/\/schema.org\",\"@graph\":[{\"@type\":\"WebPage\",\"@id\":\"https:\/\/alchemistisches-wissen.at\/\",\"url\":\"https:\/\/alchemistisches-wissen.at\/\",\"name\":\"Projekte - Institut f\u00fcr alchemistisches Wissen\",\"isPartOf\":{\"@id\":\"https:\/\/alchemistisches-wissen.at\/#website\"},\"primaryImageOfPage\":{\"@id\":\"https:\/\/alchemistisches-wissen.at\/#primaryimage\"},\"image\":{\"@id\":\"https:\/\/alchemistisches-wissen.at\/#primaryimage\"},\"thumbnailUrl\":\"https:\/\/alchemistisches-wissen.at\/wp-content\/uploads\/2025\/06\/2025-Veranstaltungskalender.jpg\",\"datePublished\":\"2024-10-26T16:18:59+00:00\",\"dateModified\":\"2025-06-02T08:12:00+00:00\",\"breadcrumb\":{\"@id\":\"https:\/\/alchemistisches-wissen.at\/#breadcrumb\"},\"inLanguage\":\"de\",\"potentialAction\":[{\"@type\":\"ReadAction\",\"target\":[\"https:\/\/alchemistisches-wissen.at\/\"]}]},{\"@type\":\"ImageObject\",\"inLanguage\":\"de\",\"@id\":\"https:\/\/alchemistisches-wissen.at\/#primaryimage\",\"url\":\"https:\/\/alchemistisches-wissen.at\/wp-content\/uploads\/2025\/06\/2025-Veranstaltungskalender.jpg\",\"contentUrl\":\"https:\/\/alchemistisches-wissen.at\/wp-content\/uploads\/2025\/06\/2025-Veranstaltungskalender.jpg\",\"width\":499,\"height\":700},{\"@type\":\"BreadcrumbList\",\"@id\":\"https:\/\/alchemistisches-wissen.at\/#breadcrumb\",\"itemListElement\":[{\"@type\":\"ListItem\",\"position\":1,\"name\":\"Startseite\",\"item\":\"https:\/\/alchemistisches-wissen.at\/\"},{\"@type\":\"ListItem\",\"position\":2,\"name\":\"Projekte\"}]},{\"@type\":\"WebSite\",\"@id\":\"https:\/\/alchemistisches-wissen.at\/#website\",\"url\":\"https:\/\/alchemistisches-wissen.at\/\",\"name\":\"Institut f\u00fcr alchemistisches Wissen\",\"description\":\"gemeinn\u00fctziger Verein zur Erforschung, Erhaltung und Wissensvermittlung der uralten, mystischen Lehren, Dynamiken und Energien des Lebens\",\"potentialAction\":[{\"@type\":\"SearchAction\",\"target\":{\"@type\":\"EntryPoint\",\"urlTemplate\":\"https:\/\/alchemistisches-wissen.at\/?s={search_term_string}\"},\"query-input\":{\"@type\":\"PropertyValueSpecification\",\"valueRequired\":true,\"valueName\":\"search_term_string\"}}],\"inLanguage\":\"de\"}]}<\/script>\n<!-- \/ Yoast SEO plugin. -->","yoast_head_json":{"title":"Projekte - Institut f\u00fcr alchemistisches Wissen","robots":{"index":"index","follow":"follow","max-snippet":"max-snippet:-1","max-image-preview":"max-image-preview:large","max-video-preview":"max-video-preview:-1"},"canonical":"https:\/\/alchemistisches-wissen.at\/","og_locale":"de_DE","og_type":"article","og_title":"Projekte - Institut f\u00fcr alchemistisches Wissen","og_description":"Wir, im Institut f\u00fcr alchemistisches Wissen, forschen, entdecken und geben unser Wissen weiter. Aktuell gibt es drei Themenbereiche: Projekt NEUES &#8211; GEMEINSAM &#8211; FORMEN ist eine Plattform f\u00fcr Begegnung, Austausch &hellip; \u201eProjekte\u201c weiterlesen","og_url":"https:\/\/alchemistisches-wissen.at\/","og_site_name":"Institut f\u00fcr alchemistisches Wissen","article_modified_time":"2025-06-02T08:12:00+00:00","og_image":[{"width":499,"height":700,"url":"https:\/\/alchemistisches-wissen.at\/wp-content\/uploads\/2025\/06\/2025-Veranstaltungskalender.jpg","type":"image\/jpeg"}],"twitter_card":"summary_large_image","twitter_misc":{"Gesch\u00e4tzte Lesezeit":"2\u00a0Minuten"},"schema":{"@context":"https:\/\/schema.org","@graph":[{"@type":"WebPage","@id":"https:\/\/alchemistisches-wissen.at\/","url":"https:\/\/alchemistisches-wissen.at\/","name":"Projekte - Institut f\u00fcr alchemistisches Wissen","isPartOf":{"@id":"https:\/\/alchemistisches-wissen.at\/#website"},"primaryImageOfPage":{"@id":"https:\/\/alchemistisches-wissen.at\/#primaryimage"},"image":{"@id":"https:\/\/alchemistisches-wissen.at\/#primaryimage"},"thumbnailUrl":"https:\/\/alchemistisches-wissen.at\/wp-content\/uploads\/2025\/06\/2025-Veranstaltungskalender.jpg","datePublished":"2024-10-26T16:18:59+00:00","dateModified":"2025-06-02T08:12:00+00:00","breadcrumb":{"@id":"https:\/\/alchemistisches-wissen.at\/#breadcrumb"},"inLanguage":"de","potentialAction":[{"@type":"ReadAction","target":["https:\/\/alchemistisches-wissen.at\/"]}]},{"@type":"ImageObject","inLanguage":"de","@id":"https:\/\/alchemistisches-wissen.at\/#primaryimage","url":"https:\/\/alchemistisches-wissen.at\/wp-content\/uploads\/2025\/06\/2025-Veranstaltungskalender.jpg","contentUrl":"https:\/\/alchemistisches-wissen.at\/wp-content\/uploads\/2025\/06\/2025-Veranstaltungskalender.jpg","width":499,"height":700},{"@type":"BreadcrumbList","@id":"https:\/\/alchemistisches-wissen.at\/#breadcrumb","itemListElement":[{"@type":"ListItem","position":1,"name":"Startseite","item":"https:\/\/alchemistisches-wissen.at\/"},{"@type":"ListItem","position":2,"name":"Projekte"}]},{"@type":"WebSite","@id":"https:\/\/alchemistisches-wissen.at\/#website","url":"https:\/\/alchemistisches-wissen.at\/","name":"Institut f\u00fcr alchemistisches Wissen","description":"gemeinn\u00fctziger Verein zur Erforschung, Erhaltung und Wissensvermittlung der uralten, mystischen Lehren, Dynamiken und Energien des Lebens","potentialAction":[{"@type":"SearchAction","target":{"@type":"EntryPoint","urlTemplate":"https:\/\/alchemistisches-wissen.at\/?s={search_term_string}"},"query-input":{"@type":"PropertyValueSpecification","valueRequired":true,"valueName":"search_term_string"}}],"inLanguage":"de"}]}},"_links":{"self":[{"href":"https:\/\/alchemistisches-wissen.at\/index.php\/wp-json\/wp\/v2\/pages\/44","targetHints":{"allow":["GET"]}}],"collection":[{"href":"https:\/\/alchemistisches-wissen.at\/index.php\/wp-json\/wp\/v2\/pages"}],"about":[{"href":"https:\/\/alchemistisches-wissen.at\/index.php\/wp-json\/wp\/v2\/types\/page"}],"author":[{"embeddable":true,"href":"https:\/\/alchemistisches-wissen.at\/index.php\/wp-json\/wp\/v2\/users\/1"}],"replies":[{"embeddable":true,"href":"https:\/\/alchemistisches-wissen.at\/index.php\/wp-json\/wp\/v2\/comments?post=44"}],"version-history":[{"count":16,"href":"https:\/\/alchemistisches-wissen.at\/index.php\/wp-json\/wp\/v2\/pages\/44\/revisions"}],"predecessor-version":[{"id":146,"href":"https:\/\/alchemistisches-wissen.at\/index.php\/wp-json\/wp\/v2\/pages\/44\/revisions\/146"}],"wp:attachment":[{"href":"https:\/\/alchemistisches-wissen.at\/index.php\/wp-json\/wp\/v2\/media?parent=44"}],"curies":[{"name":"wp","href":"https:\/\/api.w.org\/{rel}","templated":true}]}}