{"id":3,"date":"2024-10-26T15:26:50","date_gmt":"2024-10-26T15:26:50","guid":{"rendered":"https:\/\/alchemistisches-wissen.at\/?page_id=3"},"modified":"2025-02-12T11:52:05","modified_gmt":"2025-02-12T11:52:05","slug":"privacy-policy","status":"publish","type":"page","link":"https:\/\/alchemistisches-wissen.at\/index.php\/privacy-policy\/","title":{"rendered":"Rechtliches"},"content":{"rendered":"\n<h2 class=\"wp-block-heading\">Impressum<\/h2>\n\n\n\n<p>Institut f\u00fcr alchemistisches Wissen \u2013 gemeinn\u00fctziger Verein zu Erforschung, Erhaltung und Wissensvermittlung der uralten, mystischen Lehren, Dynamiken und Energien des Lebens<br>Stettnerstra\u00dfe 11 \/ 5301 Eugendorf<br>ZVR.Zahl. 1072406083<br>Mail: institut@alchemistisches-wissen.at<\/p>\n\n\n\n<p>Rechtsform: Gemeinn\u00fctziger Verein<br>Vereinssitz: Eugendorf<br>Registriernummer: ZVR.Zahl. 1072406083<br>Register: Bezirkshauptmannschaft Salzburg-Umgebung<\/p>\n\n\n\n<p>Medieninhaber:<br>Institut f\u00fcr alchemistisches Wissen \u2013 gemeinn\u00fctziger Verein zu Erforschung, Erhaltung und Wissensvermittlung der uralten, mystischen Lehren, Dynamiken und Energien des Leben<br>Stettnerstra\u00dfe 11 \/ 5301 Eugendorf<br>ZVR.Zahl. 1072406083<\/p>\n\n\n\n<p>Medienlinie gem. \u00a7 25 Abs. 4 MedienG:<br>Die Website des Vereins Institut f\u00fcr alchemistisches Wissen bietet der \u00d6ffentlichkeit Informationen \u00fcber den Zweck und die Projekte des Vereins und seiner Mitglieder.<\/p>\n\n\n\n<p><\/p>\n","protected":false},"excerpt":{"rendered":"<p>Impressum Institut f\u00fcr alchemistisches Wissen \u2013 gemeinn\u00fctziger Verein zu Erforschung, Erhaltung und Wissensvermittlung der uralten, mystischen Lehren, Dynamiken und Energien des LebensStettnerstra\u00dfe 11 \/ 5301 EugendorfZVR.Zahl. 1072406083Mail: institut@alchemistisches-wissen.at Rechtsform: Gemeinn\u00fctziger &hellip; <\/p>\n<p class=\"link-more\"><a href=\"https:\/\/alchemistisches-wissen.at\/index.php\/privacy-policy\/\" class=\"more-link\"><span class=\"screen-reader-text\">\u201eRechtliches\u201c <\/span>weiterlesen<\/a><\/p>\n","protected":false},"author":1,"featured_media":0,"parent":0,"menu_order":0,"comment_status":"closed","ping_status":"open","template":"","meta":{"_kadence_starter_templates_imported_post":false,"footnotes":""},"class_list":["post-3","page","type-page","status-publish","hentry"],"yoast_head":"<!-- This site is optimized with the Yoast SEO plugin v27.1.1 - https:\/\/yoast.com\/product\/yoast-seo-wordpress\/ -->\n<title>Rechtliches - Institut f\u00fcr alchemistisches Wissen<\/title>\n<meta name=\"robots\" content=\"index, follow, max-snippet:-1, max-image-preview:large, max-video-preview:-1\" \/>\n<link rel=\"canonical\" href=\"https:\/\/alchemistisches-wissen.at\/index.php\/privacy-policy\/\" \/>\n<meta property=\"og:locale\" content=\"de_DE\" \/>\n<meta property=\"og:type\" content=\"article\" \/>\n<meta property=\"og:title\" content=\"Rechtliches - Institut f\u00fcr alchemistisches Wissen\" \/>\n<meta property=\"og:description\" content=\"Impressum Institut f\u00fcr alchemistisches Wissen \u2013 gemeinn\u00fctziger Verein zu Erforschung, Erhaltung und Wissensvermittlung der uralten, mystischen Lehren, Dynamiken und Energien des LebensStettnerstra\u00dfe 11 \/ 5301 EugendorfZVR.Zahl. 1072406083Mail: institut@alchemistisches-wissen.at Rechtsform: Gemeinn\u00fctziger &hellip; \u201eRechtliches\u201c weiterlesen\" \/>\n<meta property=\"og:url\" content=\"https:\/\/alchemistisches-wissen.at\/index.php\/privacy-policy\/\" \/>\n<meta property=\"og:site_name\" content=\"Institut f\u00fcr alchemistisches Wissen\" \/>\n<meta property=\"article:modified_time\" content=\"2025-02-12T11:52:05+00:00\" \/>\n<meta name=\"twitter:card\" content=\"summary_large_image\" \/>\n<meta name=\"twitter:label1\" content=\"Gesch\u00e4tzte Lesezeit\" \/>\n\t<meta name=\"twitter:data1\" content=\"1\u00a0Minute\" \/>\n<script type=\"application\/ld+json\" class=\"yoast-schema-graph\">{\"@context\":\"https:\/\/schema.org\",\"@graph\":[{\"@type\":\"WebPage\",\"@id\":\"https:\/\/alchemistisches-wissen.at\/index.php\/privacy-policy\/\",\"url\":\"https:\/\/alchemistisches-wissen.at\/index.php\/privacy-policy\/\",\"name\":\"Rechtliches - Institut f\u00fcr alchemistisches Wissen\",\"isPartOf\":{\"@id\":\"https:\/\/alchemistisches-wissen.at\/#website\"},\"datePublished\":\"2024-10-26T15:26:50+00:00\",\"dateModified\":\"2025-02-12T11:52:05+00:00\",\"breadcrumb\":{\"@id\":\"https:\/\/alchemistisches-wissen.at\/index.php\/privacy-policy\/#breadcrumb\"},\"inLanguage\":\"de\",\"potentialAction\":[{\"@type\":\"ReadAction\",\"target\":[\"https:\/\/alchemistisches-wissen.at\/index.php\/privacy-policy\/\"]}]},{\"@type\":\"BreadcrumbList\",\"@id\":\"https:\/\/alchemistisches-wissen.at\/index.php\/privacy-policy\/#breadcrumb\",\"itemListElement\":[{\"@type\":\"ListItem\",\"position\":1,\"name\":\"Startseite\",\"item\":\"https:\/\/alchemistisches-wissen.at\/\"},{\"@type\":\"ListItem\",\"position\":2,\"name\":\"Rechtliches\"}]},{\"@type\":\"WebSite\",\"@id\":\"https:\/\/alchemistisches-wissen.at\/#website\",\"url\":\"https:\/\/alchemistisches-wissen.at\/\",\"name\":\"Institut f\u00fcr alchemistisches Wissen\",\"description\":\"gemeinn\u00fctziger Verein zur Erforschung, Erhaltung und Wissensvermittlung der uralten, mystischen Lehren, Dynamiken und Energien des Lebens\",\"potentialAction\":[{\"@type\":\"SearchAction\",\"target\":{\"@type\":\"EntryPoint\",\"urlTemplate\":\"https:\/\/alchemistisches-wissen.at\/?s={search_term_string}\"},\"query-input\":{\"@type\":\"PropertyValueSpecification\",\"valueRequired\":true,\"valueName\":\"search_term_string\"}}],\"inLanguage\":\"de\"}]}<\/script>\n<!-- \/ Yoast SEO plugin. -->","yoast_head_json":{"title":"Rechtliches - Institut f\u00fcr alchemistisches Wissen","robots":{"index":"index","follow":"follow","max-snippet":"max-snippet:-1","max-image-preview":"max-image-preview:large","max-video-preview":"max-video-preview:-1"},"canonical":"https:\/\/alchemistisches-wissen.at\/index.php\/privacy-policy\/","og_locale":"de_DE","og_type":"article","og_title":"Rechtliches - Institut f\u00fcr alchemistisches Wissen","og_description":"Impressum Institut f\u00fcr alchemistisches Wissen \u2013 gemeinn\u00fctziger Verein zu Erforschung, Erhaltung und Wissensvermittlung der uralten, mystischen Lehren, Dynamiken und Energien des LebensStettnerstra\u00dfe 11 \/ 5301 EugendorfZVR.Zahl. 1072406083Mail: institut@alchemistisches-wissen.at Rechtsform: Gemeinn\u00fctziger &hellip; \u201eRechtliches\u201c weiterlesen","og_url":"https:\/\/alchemistisches-wissen.at\/index.php\/privacy-policy\/","og_site_name":"Institut f\u00fcr alchemistisches Wissen","article_modified_time":"2025-02-12T11:52:05+00:00","twitter_card":"summary_large_image","twitter_misc":{"Gesch\u00e4tzte Lesezeit":"1\u00a0Minute"},"schema":{"@context":"https:\/\/schema.org","@graph":[{"@type":"WebPage","@id":"https:\/\/alchemistisches-wissen.at\/index.php\/privacy-policy\/","url":"https:\/\/alchemistisches-wissen.at\/index.php\/privacy-policy\/","name":"Rechtliches - Institut f\u00fcr alchemistisches Wissen","isPartOf":{"@id":"https:\/\/alchemistisches-wissen.at\/#website"},"datePublished":"2024-10-26T15:26:50+00:00","dateModified":"2025-02-12T11:52:05+00:00","breadcrumb":{"@id":"https:\/\/alchemistisches-wissen.at\/index.php\/privacy-policy\/#breadcrumb"},"inLanguage":"de","potentialAction":[{"@type":"ReadAction","target":["https:\/\/alchemistisches-wissen.at\/index.php\/privacy-policy\/"]}]},{"@type":"BreadcrumbList","@id":"https:\/\/alchemistisches-wissen.at\/index.php\/privacy-policy\/#breadcrumb","itemListElement":[{"@type":"ListItem","position":1,"name":"Startseite","item":"https:\/\/alchemistisches-wissen.at\/"},{"@type":"ListItem","position":2,"name":"Rechtliches"}]},{"@type":"WebSite","@id":"https:\/\/alchemistisches-wissen.at\/#website","url":"https:\/\/alchemistisches-wissen.at\/","name":"Institut f\u00fcr alchemistisches Wissen","description":"gemeinn\u00fctziger Verein zur Erforschung, Erhaltung und Wissensvermittlung der uralten, mystischen Lehren, Dynamiken und Energien des Lebens","potentialAction":[{"@type":"SearchAction","target":{"@type":"EntryPoint","urlTemplate":"https:\/\/alchemistisches-wissen.at\/?s={search_term_string}"},"query-input":{"@type":"PropertyValueSpecification","valueRequired":true,"valueName":"search_term_string"}}],"inLanguage":"de"}]}},"_links":{"self":[{"href":"https:\/\/alchemistisches-wissen.at\/index.php\/wp-json\/wp\/v2\/pages\/3","targetHints":{"allow":["GET"]}}],"collection":[{"href":"https:\/\/alchemistisches-wissen.at\/index.php\/wp-json\/wp\/v2\/pages"}],"about":[{"href":"https:\/\/alchemistisches-wissen.at\/index.php\/wp-json\/wp\/v2\/types\/page"}],"author":[{"embeddable":true,"href":"https:\/\/alchemistisches-wissen.at\/index.php\/wp-json\/wp\/v2\/users\/1"}],"replies":[{"embeddable":true,"href":"https:\/\/alchemistisches-wissen.at\/index.php\/wp-json\/wp\/v2\/comments?post=3"}],"version-history":[{"count":2,"href":"https:\/\/alchemistisches-wissen.at\/index.php\/wp-json\/wp\/v2\/pages\/3\/revisions"}],"predecessor-version":[{"id":111,"href":"https:\/\/alchemistisches-wissen.at\/index.php\/wp-json\/wp\/v2\/pages\/3\/revisions\/111"}],"wp:attachment":[{"href":"https:\/\/alchemistisches-wissen.at\/index.php\/wp-json\/wp\/v2\/media?parent=3"}],"curies":[{"name":"wp","href":"https:\/\/api.w.org\/{rel}","templated":true}]}}